{"id":23382,"date":"2025-05-19T15:35:45","date_gmt":"2025-05-19T15:35:45","guid":{"rendered":"https:\/\/beonemedicines.ch\/?page_id=23382"},"modified":"2026-03-12T10:10:50","modified_gmt":"2026-03-12T10:10:50","slug":"unsere-marke","status":"publish","type":"page","link":"https:\/\/beonemedicines.ch\/de\/uber-uns\/unsere-marke\/","title":{"rendered":"Unsere Marke"},"content":{"rendered":"<!-- Copy block -->\r\n<section class=\"nav-tertiary-sec copy-block  bg-white\" >\r\n    <div class=\"container\">\r\n        <div class=\"row\">\r\n            \r\n            <div class=\"col-md-8 col-lg-9\">\r\n                \r\n                <div class=\"main-container tab-container\">                    \r\n                                                <section class=\"section anim fadeInUp \">\r\n                            <!-- <section class=\"section anim fadeInUp \" > -->\r\n                                <div class=\"sec-header\">\r\n                                    <div class=\"sec-head\">\r\n                                                                                                                            <h2>\u00dcber die Entwicklung unserer Marke \u2013 BeOne<\/h2>\r\n                                                                            <\/div>\r\n                                    <div class=\"sec-body\">\r\n                                                                                    \r\n                                            <div><h1 class='hidetitle'>\u00dcber die Entwicklung unserer Marke \u2013 BeOne<\/h1>\n<p><strong>Wir f\u00f6rdern die globale Gesundheit<\/strong><\/p>\n<p>Wir wissen, dass Krebs keine Grenzen kennt.<\/p>\n<p>So leisten wir einen Beitrag zum Aufbau einer globalen Gemeinschaft, die durch ein gemeinsames Ziel vereint ist. Eines, das unsere unerm\u00fcdliche Innovationskraft befl\u00fcgelt. Das spornt uns an, unsere Reichweite zu vergr\u00f6ssern, und best\u00e4rkt uns in unserem Engagement, Patienten allerorts mit lebenswichtigen Medikamenten zu versorgen. Schnell, effizient und kosteng\u00fcnstig. Gemeinsam bek\u00e4mpfen wir Krebs weltweit. So kann die Gemeinschaft die Geschichten von Helden, Patienten, Wissenschaftlern, \u00c4rzten und Familien nachempfinden. Alle gemeinsam f\u00fcr die globale Gesundheit.<\/p>\n<p>Zu&#8230;<\/p>\n<p>&nbsp;<\/p>\n<div class=\"wp-block-columns container is-layout-flex wp-container-core-columns-is-layout-9d6595d7 wp-block-columns-is-layout-flex\">\n<div class=\"wp-block-column is-layout-flow wp-block-column-is-layout-flow\" style=\"flex-basis: 30%;\"><\/div>\n<div class=\"wp-block-column is-layout-flow wp-block-column-is-layout-flow\" style=\"flex-basis: 40%;\">\n<p><strong>\u00abBe\u00bb<\/strong>\u00a0(Sein) steht f\u00fcr das grundlegende Ziel jedes Krebspatienten \u2013 einfach zu sein.<\/p>\n<\/div>\n<div class=\"wp-block-column is-layout-flow wp-block-column-is-layout-flow\" style=\"flex-basis: 30%;\"><\/div>\n<\/div>\n<div class=\"wp-block-columns container is-layout-flex wp-container-core-columns-is-layout-9d6595d7 wp-block-columns-is-layout-flex\">\n<div class=\"wp-block-column is-layout-flow wp-block-column-is-layout-flow\" style=\"flex-basis: 30%;\">\n<p>Das Wort\u00a0<strong>\u00abOnc\u00bb<\/strong>\u00a0in roter Schrift innerhalb von \u00abOne\u00bb verdeutlicht unser verst\u00e4rktes Engagement im Bereich der Onkologie<\/p>\n<\/div>\n<div class=\"wp-block-column is-layout-flow wp-block-column-is-layout-flow\" style=\"flex-basis: 40%;\">\n<figure class=\"wp-block-image size-large\"><img decoding=\"async\" class=\"wp-image-21041\" style=\"width: 100%;\" src=\"https:\/\/beonemedicines.ch\/wp-content\/uploads\/2025\/03\/logo.svg\" alt=\"\" \/><\/figure>\n<\/div>\n<div class=\"wp-block-column is-layout-flow wp-block-column-is-layout-flow\" style=\"flex-basis: 30%;\">\n<p><strong>\u00abOne\u00bb<\/strong>\u00a0(Eins) betont unsere Einheit als Team und unseren Fokus darauf, Patienten, Pflegekr\u00e4fte, Wissenschaftler, medizinische Fachkr\u00e4fte, Regierungen und die Branche mit dem gemeinsamen Ziel zusammenzubringen, Krebs gemeinsam zu besiegen.<\/p>\n<\/div>\n<\/div>\n<div class=\"wp-block-columns container is-layout-flex wp-container-core-columns-is-layout-9d6595d7 wp-block-columns-is-layout-flex\">\n<div class=\"wp-block-column is-layout-flow wp-block-column-is-layout-flow\" style=\"flex-basis: 30%;\"><\/div>\n<div class=\"wp-block-column is-layout-flow wp-block-column-is-layout-flow\" style=\"flex-basis: 40%;\">\n<p>Das Ein-\/Ausschaltsymbol im letzten \u00abe\u00bb steht f\u00fcr unseren immer <strong>\u00abon\u00bb<\/strong> (kontinuierlichen) Ansatz bei der Entwicklung neuartiger Medikamente, die Krebs \u00abausschalten\u00bb, indem sie wichtige Faktoren f\u00fcr das Wachstum und \u00dcberleben von Krebszellen unterbrechen, das k\u00f6rpereigene Immunsystem zur Bek\u00e4mpfung von Tumoren nutzen und spezifische Biomarker von Krebs anvisieren. Der Neigungswinkel des Ein-\/Ausschaltsymbols veranschaulicht unseren nicht immer geradlinigen Weg, auf dem wir die Grenzen der Wissenschaft erweitern.<\/p>\n<\/div>\n<div class=\"wp-block-column is-layout-flow wp-block-column-is-layout-flow\" style=\"flex-basis: 30%;\"><\/div>\n<\/div>\n<\/div>\r\n                                                                            <\/div>\r\n                                    \r\n                                                                             <!-- <style>\r\n                                            .after-buttons {\r\n                                                display: flex; gap: 30px;\r\n                                             }\r\n\r\n                                            .after-buttons a {\r\n                                                flex: ;\r\n                                            }\r\n                                         <\/style> -->\r\n                                                                             <style>\r\n                                            .after-buttons {\r\n                                                display: flex; gap: 30px; flex-wrap: wrap;\r\n                                            }\r\n\r\n                                            .after-buttons a {\r\n                                                flex: 0 1 auto;\r\n                                            }\r\n\r\n                                            .after-buttons.multiple > div {\r\n                                                flex: 0 1 calc(50% - 30px);\r\n                                            }\r\n                                        <\/style>\r\n                                     \r\n                                    \r\n                                    <div class=\"after-buttons \">\r\n                                                                            <\/div>\r\n                                <\/div>\t\r\n                            <\/section>\r\n                                    <\/div>\r\n                \r\n            <\/div>\r\n            <div class=\"col-md-4 col-lg-3\">\r\n                \r\n            <\/div> \r\n        <\/div>\r\n    <\/div>\r\n<\/section>\r\n<!-- Copy block -->\r\n\n\n\n<p><\/p>\n","protected":false},"excerpt":{"rendered":"","protected":false},"author":1,"featured_media":0,"parent":7157,"menu_order":0,"comment_status":"closed","ping_status":"closed","template":"","meta":{"_acf_changed":true,"footnotes":""},"class_list":["post-23382","page","type-page","status-publish","hentry"],"acf":[],"yoast_head":"<!-- This site is optimized with the Yoast SEO plugin v27.5 - https:\/\/yoast.com\/product\/yoast-seo-wordpress\/ -->\n<title>Unsere Marke - BeOne Medicines DE<\/title>\n<meta name=\"robots\" content=\"index, follow, max-snippet:-1, max-image-preview:large, max-video-preview:-1\" \/>\n<link rel=\"canonical\" href=\"https:\/\/beonemedicines.ch\/de\/uber-uns\/unsere-marke\/\" \/>\n<meta property=\"og:locale\" content=\"en_US\" \/>\n<meta property=\"og:type\" content=\"article\" \/>\n<meta property=\"og:title\" content=\"Unsere Marke - BeOne Medicines DE\" \/>\n<meta property=\"og:url\" content=\"https:\/\/beonemedicines.ch\/de\/uber-uns\/unsere-marke\/\" \/>\n<meta property=\"og:site_name\" content=\"BeOne Medicines DE\" \/>\n<meta property=\"article:modified_time\" content=\"2026-03-12T10:10:50+00:00\" \/>\n<meta name=\"twitter:card\" content=\"summary_large_image\" \/>\n<script type=\"application\/ld+json\" class=\"yoast-schema-graph\">{\"@context\":\"https:\\\/\\\/schema.org\",\"@graph\":[{\"@type\":\"WebPage\",\"@id\":\"https:\\\/\\\/beonemedicines.ch\\\/de\\\/uber-uns\\\/unsere-marke\\\/\",\"url\":\"https:\\\/\\\/beonemedicines.ch\\\/de\\\/uber-uns\\\/unsere-marke\\\/\",\"name\":\"Unsere Marke - BeOne Medicines DE\",\"isPartOf\":{\"@id\":\"https:\\\/\\\/beonemedicines.ch\\\/de\\\/#website\"},\"datePublished\":\"2025-05-19T15:35:45+00:00\",\"dateModified\":\"2026-03-12T10:10:50+00:00\",\"breadcrumb\":{\"@id\":\"https:\\\/\\\/beonemedicines.ch\\\/de\\\/uber-uns\\\/unsere-marke\\\/#breadcrumb\"},\"inLanguage\":\"en-US\",\"potentialAction\":[{\"@type\":\"ReadAction\",\"target\":[\"https:\\\/\\\/beonemedicines.ch\\\/de\\\/uber-uns\\\/unsere-marke\\\/\"]}]},{\"@type\":\"BreadcrumbList\",\"@id\":\"https:\\\/\\\/beonemedicines.ch\\\/de\\\/uber-uns\\\/unsere-marke\\\/#breadcrumb\",\"itemListElement\":[{\"@type\":\"ListItem\",\"position\":1,\"name\":\"Home\",\"item\":\"https:\\\/\\\/beonemedicines.ch\\\/de\\\/\"},{\"@type\":\"ListItem\",\"position\":2,\"name\":\"\u00dcber uns\",\"item\":\"https:\\\/\\\/beonemedicines.ch\\\/de\\\/uber-uns\\\/\"},{\"@type\":\"ListItem\",\"position\":3,\"name\":\"Unsere Marke\"}]},{\"@type\":\"WebSite\",\"@id\":\"https:\\\/\\\/beonemedicines.ch\\\/de\\\/#website\",\"url\":\"https:\\\/\\\/beonemedicines.ch\\\/de\\\/\",\"name\":\"BeOne Medicines DE\",\"description\":\"\",\"potentialAction\":[{\"@type\":\"SearchAction\",\"target\":{\"@type\":\"EntryPoint\",\"urlTemplate\":\"https:\\\/\\\/beonemedicines.ch\\\/de\\\/?s={search_term_string}\"},\"query-input\":{\"@type\":\"PropertyValueSpecification\",\"valueRequired\":true,\"valueName\":\"search_term_string\"}}],\"inLanguage\":\"en-US\"}]}<\/script>\n<!-- \/ Yoast SEO plugin. -->","yoast_head_json":{"title":"Unsere Marke - BeOne Medicines DE","robots":{"index":"index","follow":"follow","max-snippet":"max-snippet:-1","max-image-preview":"max-image-preview:large","max-video-preview":"max-video-preview:-1"},"canonical":"https:\/\/beonemedicines.ch\/de\/uber-uns\/unsere-marke\/","og_locale":"en_US","og_type":"article","og_title":"Unsere Marke - BeOne Medicines DE","og_url":"https:\/\/beonemedicines.ch\/de\/uber-uns\/unsere-marke\/","og_site_name":"BeOne Medicines DE","article_modified_time":"2026-03-12T10:10:50+00:00","twitter_card":"summary_large_image","schema":{"@context":"https:\/\/schema.org","@graph":[{"@type":"WebPage","@id":"https:\/\/beonemedicines.ch\/de\/uber-uns\/unsere-marke\/","url":"https:\/\/beonemedicines.ch\/de\/uber-uns\/unsere-marke\/","name":"Unsere Marke - BeOne Medicines DE","isPartOf":{"@id":"https:\/\/beonemedicines.ch\/de\/#website"},"datePublished":"2025-05-19T15:35:45+00:00","dateModified":"2026-03-12T10:10:50+00:00","breadcrumb":{"@id":"https:\/\/beonemedicines.ch\/de\/uber-uns\/unsere-marke\/#breadcrumb"},"inLanguage":"en-US","potentialAction":[{"@type":"ReadAction","target":["https:\/\/beonemedicines.ch\/de\/uber-uns\/unsere-marke\/"]}]},{"@type":"BreadcrumbList","@id":"https:\/\/beonemedicines.ch\/de\/uber-uns\/unsere-marke\/#breadcrumb","itemListElement":[{"@type":"ListItem","position":1,"name":"Home","item":"https:\/\/beonemedicines.ch\/de\/"},{"@type":"ListItem","position":2,"name":"\u00dcber uns","item":"https:\/\/beonemedicines.ch\/de\/uber-uns\/"},{"@type":"ListItem","position":3,"name":"Unsere Marke"}]},{"@type":"WebSite","@id":"https:\/\/beonemedicines.ch\/de\/#website","url":"https:\/\/beonemedicines.ch\/de\/","name":"BeOne Medicines DE","description":"","potentialAction":[{"@type":"SearchAction","target":{"@type":"EntryPoint","urlTemplate":"https:\/\/beonemedicines.ch\/de\/?s={search_term_string}"},"query-input":{"@type":"PropertyValueSpecification","valueRequired":true,"valueName":"search_term_string"}}],"inLanguage":"en-US"}]}},"_links":{"self":[{"href":"https:\/\/beonemedicines.ch\/de\/wp-json\/wp\/v2\/pages\/23382","targetHints":{"allow":["GET"]}}],"collection":[{"href":"https:\/\/beonemedicines.ch\/de\/wp-json\/wp\/v2\/pages"}],"about":[{"href":"https:\/\/beonemedicines.ch\/de\/wp-json\/wp\/v2\/types\/page"}],"author":[{"embeddable":true,"href":"https:\/\/beonemedicines.ch\/de\/wp-json\/wp\/v2\/users\/1"}],"replies":[{"embeddable":true,"href":"https:\/\/beonemedicines.ch\/de\/wp-json\/wp\/v2\/comments?post=23382"}],"version-history":[{"count":2,"href":"https:\/\/beonemedicines.ch\/de\/wp-json\/wp\/v2\/pages\/23382\/revisions"}],"predecessor-version":[{"id":24036,"href":"https:\/\/beonemedicines.ch\/de\/wp-json\/wp\/v2\/pages\/23382\/revisions\/24036"}],"up":[{"embeddable":true,"href":"https:\/\/beonemedicines.ch\/de\/wp-json\/wp\/v2\/pages\/7157"}],"wp:attachment":[{"href":"https:\/\/beonemedicines.ch\/de\/wp-json\/wp\/v2\/media?parent=23382"}],"curies":[{"name":"wp","href":"https:\/\/api.w.org\/{rel}","templated":true}]}}