{"id":10,"date":"2025-02-24T10:35:45","date_gmt":"2025-02-24T10:35:45","guid":{"rendered":"https:\/\/beonemedicines.ch\/?page_id=10"},"modified":"2026-03-02T19:32:23","modified_gmt":"2026-03-02T19:32:23","slug":"home","status":"publish","type":"page","link":"https:\/\/beonemedicines.ch\/fr\/","title":{"rendered":"Home"},"content":{"rendered":"<section class=\"home-banner-section  no-animation\">\r\n    <div class=\"container\">\r\n        <div class=\"home-banner-inner\">\r\n                          <h1 class=\"hero-title hero-anim-title\">Transformer la mani\u00e8re dont le monde lutte contre le cancer<\/h1>\r\n                        <div class=\"hero-title hero-title-two h1\">Ensemble, nous sommes la solution pour arr\u00eater le cancer<\/div>\r\n            <div class=\"banner image-container\">\r\n                <img decoding=\"async\" src=\"https:\/\/beonemedicines.ch\/fr\/wp-content\/uploads\/sites\/4\/2025\/05\/home-banner.jpg\" alt=\"\">\r\n            <\/div>\r\n            <div class=\"banner-content\">\r\n                <p class=\"description\">BeOne Medicines travaille \u00e0 devenir le leader mondial dans le domaine de l&#8217;oncologie, anim\u00e9e par l&#8217;excellence scientifique et une rapidit\u00e9 exceptionnelle, afin d&#8217;atteindre plus de patients que jamais auparavant.<\/p>\r\n\r\n                                                        <a href=\"\/fr\/a-propos-de-nous\/a-propos-de-nous\" class=\"btn-default btn-primary btn-crosslinks\" target=\"_self\">\r\n                        <span>D\u00e9couvrez ce qui nous motive<\/span>\r\n                    <\/a>\r\n                            <\/div>\r\n            \r\n        <\/div>\r\n    <\/div>\r\n<\/section>\r\n\n\n<!-- Card | Offset -->\r\n<section class=\"card-offset bg-tertiary-light card-image-right card-top-white \">\r\n    <div class=\"card-offset-watermark watermark-leftbotttom anim fadeInUp\">\r\n        <img decoding=\"async\" src=\"https:\/\/beonemedicines.ch\/fr\/wp-content\/uploads\/sites\/4\/2025\/02\/cutoutStar-icon.svg\" alt=\"Offset Global Component Watermark Left\">\r\n    <\/div>\r\n    <div class=\"container offset-left container-offset\">\r\n        <div class=\"row align-center\">\r\n            <div class=\"col-md-7 self-start\">\r\n                <div class=\"card-offset-img anim fadeInUp\">\r\n                    <img decoding=\"async\" src=\"https:\/\/beonemedicines.ch\/fr\/wp-content\/uploads\/sites\/4\/2025\/05\/card-offset-img.jpg\" alt=\"\">\r\n                <\/div>\r\n            <\/div>\r\n            <div class=\"col-md-5\">\r\n                <div class=\"card-offset-box\">\r\n                    <div class=\"card-heading\">\r\n                                                \r\n                        <h2 class=\"anim fadeInUp\">Leader mondial de la recherche contre le cancer<\/h2>\r\n                    <\/div>\r\n                    <div class=\"card-bodycopy\">\r\n                        \r\n                                                                            <div class=\"anim fadeInUp\"><p>Les personnes atteintes de cancer m\u00e9ritent de l\u2019espoir et de meilleurs lendemains.<br \/>\nBeOne avance un large et ambitieux programme de d\u00e9veloppement, gr\u00e2ce \u00e0 une<br \/>\nscience rigoureuse, afin de fournir des traitements transformateurs \u00e0 un plus grand<br \/>\nnombre de patients \u00e0 travers le monde.<\/p>\n<\/div>\r\n                                                \r\n                    <\/div>\r\n\r\n                                                                    <div class=\"card-buttons anim fadeInUp\">\r\n                            <a href=\"https:\/\/beonemedicines.com\/science\/pipeline\/\" target=\"_blank\" class=\"btn-primary btn-crosslinks \">\r\n                                <span>Voir notre pipeline<\/span>\r\n                            <\/a>\r\n                        <\/div>\r\n                                        \r\n                <\/div>\r\n            <\/div>\t\t\t\t\t\t\r\n        <\/div>\r\n    <\/div>\r\n<\/section>\r\n<!-- Card | Offset -->\n\n\n<p><\/p>\n","protected":false},"excerpt":{"rendered":"","protected":false},"author":1,"featured_media":0,"parent":0,"menu_order":0,"comment_status":"closed","ping_status":"closed","template":"","meta":{"_acf_changed":true,"footnotes":""},"class_list":["post-10","page","type-page","status-publish","hentry"],"acf":[],"yoast_head":"<!-- This site is optimized with the Yoast SEO plugin v27.5 - https:\/\/yoast.com\/product\/yoast-seo-wordpress\/ -->\n<title>R\u00e9volutionner le traitement du cancer | BeOne Medicines<\/title>\n<meta name=\"description\" content=\"BeOne Medicines s&#039;engage \u00e0 d\u00e9velopper des m\u00e9dicaments innovants contre le cancer en s&#039;associant \u00e0 la communaut\u00e9 mondiale pour servir les patients partout dans le monde.\" \/>\n<meta name=\"robots\" content=\"index, follow, max-snippet:-1, max-image-preview:large, max-video-preview:-1\" \/>\n<link rel=\"canonical\" href=\"https:\/\/beonemedicines.ch\/fr\/\" \/>\n<meta property=\"og:locale\" content=\"en_US\" \/>\n<meta property=\"og:type\" content=\"article\" \/>\n<meta property=\"og:title\" content=\"R\u00e9volutionner le traitement du cancer | BeOne Medicines\" \/>\n<meta property=\"og:description\" content=\"BeOne Medicines s&#039;engage \u00e0 d\u00e9velopper des m\u00e9dicaments innovants contre le cancer en s&#039;associant \u00e0 la communaut\u00e9 mondiale pour servir les patients partout dans le monde.\" \/>\n<meta property=\"og:url\" content=\"https:\/\/beonemedicines.ch\/fr\/\" \/>\n<meta property=\"og:site_name\" content=\"BeOne Medicines FR\" \/>\n<meta property=\"article:modified_time\" content=\"2026-03-02T19:32:23+00:00\" \/>\n<meta name=\"twitter:card\" content=\"summary_large_image\" \/>\n<script type=\"application\/ld+json\" class=\"yoast-schema-graph\">{\"@context\":\"https:\\\/\\\/schema.org\",\"@graph\":[{\"@type\":\"WebPage\",\"@id\":\"https:\\\/\\\/beonemedicines.ch\\\/fr\\\/\",\"url\":\"https:\\\/\\\/beonemedicines.ch\\\/fr\\\/\",\"name\":\"R\u00e9volutionner le traitement du cancer | BeOne Medicines\",\"isPartOf\":{\"@id\":\"https:\\\/\\\/beonemedicines.ch\\\/fr\\\/#website\"},\"datePublished\":\"2025-02-24T10:35:45+00:00\",\"dateModified\":\"2026-03-02T19:32:23+00:00\",\"description\":\"BeOne Medicines s'engage \u00e0 d\u00e9velopper des m\u00e9dicaments innovants contre le cancer en s'associant \u00e0 la communaut\u00e9 mondiale pour servir les patients partout dans le monde.\",\"breadcrumb\":{\"@id\":\"https:\\\/\\\/beonemedicines.ch\\\/fr\\\/#breadcrumb\"},\"inLanguage\":\"en-US\",\"potentialAction\":[{\"@type\":\"ReadAction\",\"target\":[\"https:\\\/\\\/beonemedicines.ch\\\/fr\\\/\"]}]},{\"@type\":\"BreadcrumbList\",\"@id\":\"https:\\\/\\\/beonemedicines.ch\\\/fr\\\/#breadcrumb\",\"itemListElement\":[{\"@type\":\"ListItem\",\"position\":1,\"name\":\"Home\",\"item\":\"https:\\\/\\\/beonemedicines.ch\\\/fr\\\/\"},{\"@type\":\"ListItem\",\"position\":2,\"name\":\"Home\"}]},{\"@type\":\"WebSite\",\"@id\":\"https:\\\/\\\/beonemedicines.ch\\\/fr\\\/#website\",\"url\":\"https:\\\/\\\/beonemedicines.ch\\\/fr\\\/\",\"name\":\"BeOne Medicines FR\",\"description\":\"\",\"potentialAction\":[{\"@type\":\"SearchAction\",\"target\":{\"@type\":\"EntryPoint\",\"urlTemplate\":\"https:\\\/\\\/beonemedicines.ch\\\/fr\\\/?s={search_term_string}\"},\"query-input\":{\"@type\":\"PropertyValueSpecification\",\"valueRequired\":true,\"valueName\":\"search_term_string\"}}],\"inLanguage\":\"en-US\"}]}<\/script>\n<!-- \/ Yoast SEO plugin. -->","yoast_head_json":{"title":"R\u00e9volutionner le traitement du cancer | BeOne Medicines","description":"BeOne Medicines s'engage \u00e0 d\u00e9velopper des m\u00e9dicaments innovants contre le cancer en s'associant \u00e0 la communaut\u00e9 mondiale pour servir les patients partout dans le monde.","robots":{"index":"index","follow":"follow","max-snippet":"max-snippet:-1","max-image-preview":"max-image-preview:large","max-video-preview":"max-video-preview:-1"},"canonical":"https:\/\/beonemedicines.ch\/fr\/","og_locale":"en_US","og_type":"article","og_title":"R\u00e9volutionner le traitement du cancer | BeOne Medicines","og_description":"BeOne Medicines s'engage \u00e0 d\u00e9velopper des m\u00e9dicaments innovants contre le cancer en s'associant \u00e0 la communaut\u00e9 mondiale pour servir les patients partout dans le monde.","og_url":"https:\/\/beonemedicines.ch\/fr\/","og_site_name":"BeOne Medicines FR","article_modified_time":"2026-03-02T19:32:23+00:00","twitter_card":"summary_large_image","schema":{"@context":"https:\/\/schema.org","@graph":[{"@type":"WebPage","@id":"https:\/\/beonemedicines.ch\/fr\/","url":"https:\/\/beonemedicines.ch\/fr\/","name":"R\u00e9volutionner le traitement du cancer | BeOne Medicines","isPartOf":{"@id":"https:\/\/beonemedicines.ch\/fr\/#website"},"datePublished":"2025-02-24T10:35:45+00:00","dateModified":"2026-03-02T19:32:23+00:00","description":"BeOne Medicines s'engage \u00e0 d\u00e9velopper des m\u00e9dicaments innovants contre le cancer en s'associant \u00e0 la communaut\u00e9 mondiale pour servir les patients partout dans le monde.","breadcrumb":{"@id":"https:\/\/beonemedicines.ch\/fr\/#breadcrumb"},"inLanguage":"en-US","potentialAction":[{"@type":"ReadAction","target":["https:\/\/beonemedicines.ch\/fr\/"]}]},{"@type":"BreadcrumbList","@id":"https:\/\/beonemedicines.ch\/fr\/#breadcrumb","itemListElement":[{"@type":"ListItem","position":1,"name":"Home","item":"https:\/\/beonemedicines.ch\/fr\/"},{"@type":"ListItem","position":2,"name":"Home"}]},{"@type":"WebSite","@id":"https:\/\/beonemedicines.ch\/fr\/#website","url":"https:\/\/beonemedicines.ch\/fr\/","name":"BeOne Medicines FR","description":"","potentialAction":[{"@type":"SearchAction","target":{"@type":"EntryPoint","urlTemplate":"https:\/\/beonemedicines.ch\/fr\/?s={search_term_string}"},"query-input":{"@type":"PropertyValueSpecification","valueRequired":true,"valueName":"search_term_string"}}],"inLanguage":"en-US"}]}},"_links":{"self":[{"href":"https:\/\/beonemedicines.ch\/fr\/wp-json\/wp\/v2\/pages\/10","targetHints":{"allow":["GET"]}}],"collection":[{"href":"https:\/\/beonemedicines.ch\/fr\/wp-json\/wp\/v2\/pages"}],"about":[{"href":"https:\/\/beonemedicines.ch\/fr\/wp-json\/wp\/v2\/types\/page"}],"author":[{"embeddable":true,"href":"https:\/\/beonemedicines.ch\/fr\/wp-json\/wp\/v2\/users\/1"}],"replies":[{"embeddable":true,"href":"https:\/\/beonemedicines.ch\/fr\/wp-json\/wp\/v2\/comments?post=10"}],"version-history":[{"count":1,"href":"https:\/\/beonemedicines.ch\/fr\/wp-json\/wp\/v2\/pages\/10\/revisions"}],"predecessor-version":[{"id":23982,"href":"https:\/\/beonemedicines.ch\/fr\/wp-json\/wp\/v2\/pages\/10\/revisions\/23982"}],"wp:attachment":[{"href":"https:\/\/beonemedicines.ch\/fr\/wp-json\/wp\/v2\/media?parent=10"}],"curies":[{"name":"wp","href":"https:\/\/api.w.org\/{rel}","templated":true}]}}