{"id":23382,"date":"2025-05-19T15:35:45","date_gmt":"2025-05-19T15:35:45","guid":{"rendered":"https:\/\/beonemedicines.ch\/?page_id=23382"},"modified":"2026-03-12T10:20:27","modified_gmt":"2026-03-12T10:20:27","slug":"notre-marque","status":"publish","type":"page","link":"https:\/\/beonemedicines.ch\/fr\/a-propos-de-nous\/notre-marque\/","title":{"rendered":"Notre Marque"},"content":{"rendered":"<!-- Copy block -->\r\n<section class=\"nav-tertiary-sec copy-block  bg-white\" >\r\n    <div class=\"container\">\r\n        <div class=\"row\">\r\n            \r\n            <div class=\"col-md-8 col-lg-9\">\r\n                \r\n                <div class=\"main-container tab-container\">                    \r\n                                                <section class=\"section anim fadeInUp \">\r\n                            <!-- <section class=\"section anim fadeInUp \" > -->\r\n                                <div class=\"sec-header\">\r\n                                    <div class=\"sec-head\">\r\n                                                                                                                            <h2>\u00c0 propos de l\u2019\u00e9volution de notre marque &#8211; BeOne<\/h2>\r\n                                                                            <\/div>\r\n                                    <div class=\"sec-body\">\r\n                                                                                    \r\n                                            <div><h1 class='hidetitle'>\u00c0 propos de l\u2019\u00e9volution de notre marque &#8211; BeOne<\/h1>\n<p><strong>Au service de la sant\u00e9 mondiale<\/strong><\/p>\n<p>Nous savons que le cancer n\u2019a pas de fronti\u00e8res.<\/p>\n<p>Nous aidons donc \u00e0 diriger une communaut\u00e9 mondiale unie par un objectif commun. Un objectif qui alimente notre innovation incessante. Un objectif qui nous pousse \u00e0 \u00e9largir notre champ d\u2019action et forge notre engagement \u00e0 mettre les m\u00e9dicaments essentiels \u00e0 la disposition des patients partout. Rapidement, efficacement, \u00e0 un prix abordable. Ensemble, nous somme la r\u00e9action du monde contre le cancer. La communaut\u00e9 peut d\u00e9couvrir les r\u00e9cits de h\u00e9ros, de patients, de scientifiques, de m\u00e9decins et de familles. Tout le monde s\u2019unit pour faire avancer la sant\u00e9 dans le monde.<\/p>\n<p>Pour&#8230;<\/p>\n<p>&nbsp;<\/p>\n<div class=\"wp-block-columns container is-layout-flex wp-container-core-columns-is-layout-9d6595d7 wp-block-columns-is-layout-flex\">\n<div class=\"wp-block-column is-layout-flow wp-block-column-is-layout-flow\" style=\"flex-basis: 30%;\"><\/div>\n<div class=\"wp-block-column is-layout-flow wp-block-column-is-layout-flow\" style=\"flex-basis: 40%;\">\n<p><strong>\u00abBe\u00bb<\/strong>\u00a0repr\u00e9sente l\u2019objectif fondamental de tout patient atteint d\u2019un cancer\u00a0: \u00eatre, tout simplement.<\/p>\n<\/div>\n<div class=\"wp-block-column is-layout-flow wp-block-column-is-layout-flow\" style=\"flex-basis: 30%;\"><\/div>\n<\/div>\n<div class=\"wp-block-columns container is-layout-flex wp-container-core-columns-is-layout-9d6595d7 wp-block-columns-is-layout-flex\">\n<div class=\"wp-block-column is-layout-flow wp-block-column-is-layout-flow\" style=\"flex-basis: 30%;\">\n<p>Le mot\u00a0<strong>\u00ab\u00a0Onc\u00a0\u00bb<\/strong>\u00a0\u00e9pel\u00e9 en rouge dans \u00ab\u00a0One\u00a0\u00bb illustre notre engagement redoubl\u00e9 en faveur de l\u2019oncologie.<\/p>\n<\/div>\n<div class=\"wp-block-column is-layout-flow wp-block-column-is-layout-flow\" style=\"flex-basis: 40%;\">\n<figure class=\"wp-block-image size-large\"><img decoding=\"async\" class=\"wp-image-21041\" style=\"width: 100%;\" src=\"https:\/\/beonemedicines.ch\/wp-content\/uploads\/2025\/03\/logo.svg\" alt=\"\" \/><\/figure>\n<\/div>\n<div class=\"wp-block-column is-layout-flow wp-block-column-is-layout-flow\" style=\"flex-basis: 30%;\">\n<p><strong>\u00ab\u00a0One\u00a0\u00bb<\/strong>\u00a0souligne notre unit\u00e9 en tant qu\u2019\u00e9quipe et notre volont\u00e9 de rassembler les patients, les soignants, les scientifiques, les prestataires de soins de sant\u00e9, les gouvernements et l\u2019industrie autour d\u2019une mission commune, celle d\u2019\u00e9liminer le cancer ensemble.<\/p>\n<\/div>\n<\/div>\n<div class=\"wp-block-columns container is-layout-flex wp-container-core-columns-is-layout-9d6595d7 wp-block-columns-is-layout-flex\">\n<div class=\"wp-block-column is-layout-flow wp-block-column-is-layout-flow\" style=\"flex-basis: 30%;\"><\/div>\n<div class=\"wp-block-column is-layout-flow wp-block-column-is-layout-flow\" style=\"flex-basis: 40%;\">\n<p>Le bouton d\u2019activation situ\u00e9 dans le dernier \u00ab\u00a0e\u00a0\u00bb repr\u00e9sente notre approche toujours <strong>active<\/strong> dans la recherche de nouveaux m\u00e9dicaments qui d\u00e9sactivent le cancer en perturbant les principaux moteurs de la croissance et de la survie des cellules canc\u00e9reuses, en exploitant le syst\u00e8me immunitaire de l\u2019organisme pour attaquer les tumeurs et en ciblant des biomarqueurs sp\u00e9cifiques du cancer. L\u2019angle inclin\u00e9 du bouton incarne notre parcours, qui n\u2019est pas toujours direct, car nous repoussons les limites de la science.<\/p>\n<\/div>\n<div class=\"wp-block-column is-layout-flow wp-block-column-is-layout-flow\" style=\"flex-basis: 30%;\"><\/div>\n<\/div>\n<\/div>\r\n                                                                            <\/div>\r\n                                    \r\n                                                                             <!-- <style>\r\n                                            .after-buttons {\r\n                                                display: flex; gap: 30px;\r\n                                             }\r\n\r\n                                            .after-buttons a {\r\n                                                flex: ;\r\n                                            }\r\n                                         <\/style> -->\r\n                                                                             <style>\r\n                                            .after-buttons {\r\n                                                display: flex; gap: 30px; flex-wrap: wrap;\r\n                                            }\r\n\r\n                                            .after-buttons a {\r\n                                                flex: 0 1 auto;\r\n                                            }\r\n\r\n                                            .after-buttons.multiple > div {\r\n                                                flex: 0 1 calc(50% - 30px);\r\n                                            }\r\n                                        <\/style>\r\n                                     \r\n                                    \r\n                                    <div class=\"after-buttons \">\r\n                                                                            <\/div>\r\n                                <\/div>\t\r\n                            <\/section>\r\n                                    <\/div>\r\n                \r\n            <\/div>\r\n            <div class=\"col-md-4 col-lg-3\">\r\n                \r\n            <\/div> \r\n        <\/div>\r\n    <\/div>\r\n<\/section>\r\n<!-- Copy block -->\r\n\n\n\n<p><\/p>\n","protected":false},"excerpt":{"rendered":"","protected":false},"author":1,"featured_media":0,"parent":7157,"menu_order":0,"comment_status":"closed","ping_status":"closed","template":"","meta":{"_acf_changed":false,"footnotes":""},"class_list":["post-23382","page","type-page","status-publish","hentry"],"acf":[],"yoast_head":"<!-- This site is optimized with the Yoast SEO plugin v27.5 - https:\/\/yoast.com\/product\/yoast-seo-wordpress\/ -->\n<title>Notre Marque - BeOne Medicines FR<\/title>\n<meta name=\"robots\" content=\"index, follow, max-snippet:-1, max-image-preview:large, max-video-preview:-1\" \/>\n<link rel=\"canonical\" href=\"https:\/\/beonemedicines.ch\/fr\/a-propos-de-nous\/notre-marque\/\" \/>\n<meta property=\"og:locale\" content=\"en_US\" \/>\n<meta property=\"og:type\" content=\"article\" \/>\n<meta property=\"og:title\" content=\"Notre Marque - BeOne Medicines FR\" \/>\n<meta property=\"og:url\" content=\"https:\/\/beonemedicines.ch\/fr\/a-propos-de-nous\/notre-marque\/\" \/>\n<meta property=\"og:site_name\" content=\"BeOne Medicines FR\" \/>\n<meta property=\"article:modified_time\" content=\"2026-03-12T10:20:27+00:00\" \/>\n<meta name=\"twitter:card\" content=\"summary_large_image\" \/>\n<script type=\"application\/ld+json\" class=\"yoast-schema-graph\">{\"@context\":\"https:\\\/\\\/schema.org\",\"@graph\":[{\"@type\":\"WebPage\",\"@id\":\"https:\\\/\\\/beonemedicines.ch\\\/fr\\\/a-propos-de-nous\\\/notre-marque\\\/\",\"url\":\"https:\\\/\\\/beonemedicines.ch\\\/fr\\\/a-propos-de-nous\\\/notre-marque\\\/\",\"name\":\"Notre Marque - BeOne Medicines FR\",\"isPartOf\":{\"@id\":\"https:\\\/\\\/beonemedicines.ch\\\/fr\\\/#website\"},\"datePublished\":\"2025-05-19T15:35:45+00:00\",\"dateModified\":\"2026-03-12T10:20:27+00:00\",\"breadcrumb\":{\"@id\":\"https:\\\/\\\/beonemedicines.ch\\\/fr\\\/a-propos-de-nous\\\/notre-marque\\\/#breadcrumb\"},\"inLanguage\":\"en-US\",\"potentialAction\":[{\"@type\":\"ReadAction\",\"target\":[\"https:\\\/\\\/beonemedicines.ch\\\/fr\\\/a-propos-de-nous\\\/notre-marque\\\/\"]}]},{\"@type\":\"BreadcrumbList\",\"@id\":\"https:\\\/\\\/beonemedicines.ch\\\/fr\\\/a-propos-de-nous\\\/notre-marque\\\/#breadcrumb\",\"itemListElement\":[{\"@type\":\"ListItem\",\"position\":1,\"name\":\"Home\",\"item\":\"https:\\\/\\\/beonemedicines.ch\\\/fr\\\/\"},{\"@type\":\"ListItem\",\"position\":2,\"name\":\"\u00c0 propos de nous\",\"item\":\"https:\\\/\\\/beonemedicines.ch\\\/fr\\\/a-propos-de-nous\\\/\"},{\"@type\":\"ListItem\",\"position\":3,\"name\":\"Notre Marque\"}]},{\"@type\":\"WebSite\",\"@id\":\"https:\\\/\\\/beonemedicines.ch\\\/fr\\\/#website\",\"url\":\"https:\\\/\\\/beonemedicines.ch\\\/fr\\\/\",\"name\":\"BeOne Medicines FR\",\"description\":\"\",\"potentialAction\":[{\"@type\":\"SearchAction\",\"target\":{\"@type\":\"EntryPoint\",\"urlTemplate\":\"https:\\\/\\\/beonemedicines.ch\\\/fr\\\/?s={search_term_string}\"},\"query-input\":{\"@type\":\"PropertyValueSpecification\",\"valueRequired\":true,\"valueName\":\"search_term_string\"}}],\"inLanguage\":\"en-US\"}]}<\/script>\n<!-- \/ Yoast SEO plugin. -->","yoast_head_json":{"title":"Notre Marque - BeOne Medicines FR","robots":{"index":"index","follow":"follow","max-snippet":"max-snippet:-1","max-image-preview":"max-image-preview:large","max-video-preview":"max-video-preview:-1"},"canonical":"https:\/\/beonemedicines.ch\/fr\/a-propos-de-nous\/notre-marque\/","og_locale":"en_US","og_type":"article","og_title":"Notre Marque - BeOne Medicines FR","og_url":"https:\/\/beonemedicines.ch\/fr\/a-propos-de-nous\/notre-marque\/","og_site_name":"BeOne Medicines FR","article_modified_time":"2026-03-12T10:20:27+00:00","twitter_card":"summary_large_image","schema":{"@context":"https:\/\/schema.org","@graph":[{"@type":"WebPage","@id":"https:\/\/beonemedicines.ch\/fr\/a-propos-de-nous\/notre-marque\/","url":"https:\/\/beonemedicines.ch\/fr\/a-propos-de-nous\/notre-marque\/","name":"Notre Marque - BeOne Medicines FR","isPartOf":{"@id":"https:\/\/beonemedicines.ch\/fr\/#website"},"datePublished":"2025-05-19T15:35:45+00:00","dateModified":"2026-03-12T10:20:27+00:00","breadcrumb":{"@id":"https:\/\/beonemedicines.ch\/fr\/a-propos-de-nous\/notre-marque\/#breadcrumb"},"inLanguage":"en-US","potentialAction":[{"@type":"ReadAction","target":["https:\/\/beonemedicines.ch\/fr\/a-propos-de-nous\/notre-marque\/"]}]},{"@type":"BreadcrumbList","@id":"https:\/\/beonemedicines.ch\/fr\/a-propos-de-nous\/notre-marque\/#breadcrumb","itemListElement":[{"@type":"ListItem","position":1,"name":"Home","item":"https:\/\/beonemedicines.ch\/fr\/"},{"@type":"ListItem","position":2,"name":"\u00c0 propos de nous","item":"https:\/\/beonemedicines.ch\/fr\/a-propos-de-nous\/"},{"@type":"ListItem","position":3,"name":"Notre Marque"}]},{"@type":"WebSite","@id":"https:\/\/beonemedicines.ch\/fr\/#website","url":"https:\/\/beonemedicines.ch\/fr\/","name":"BeOne Medicines FR","description":"","potentialAction":[{"@type":"SearchAction","target":{"@type":"EntryPoint","urlTemplate":"https:\/\/beonemedicines.ch\/fr\/?s={search_term_string}"},"query-input":{"@type":"PropertyValueSpecification","valueRequired":true,"valueName":"search_term_string"}}],"inLanguage":"en-US"}]}},"_links":{"self":[{"href":"https:\/\/beonemedicines.ch\/fr\/wp-json\/wp\/v2\/pages\/23382","targetHints":{"allow":["GET"]}}],"collection":[{"href":"https:\/\/beonemedicines.ch\/fr\/wp-json\/wp\/v2\/pages"}],"about":[{"href":"https:\/\/beonemedicines.ch\/fr\/wp-json\/wp\/v2\/types\/page"}],"author":[{"embeddable":true,"href":"https:\/\/beonemedicines.ch\/fr\/wp-json\/wp\/v2\/users\/1"}],"replies":[{"embeddable":true,"href":"https:\/\/beonemedicines.ch\/fr\/wp-json\/wp\/v2\/comments?post=23382"}],"version-history":[{"count":2,"href":"https:\/\/beonemedicines.ch\/fr\/wp-json\/wp\/v2\/pages\/23382\/revisions"}],"predecessor-version":[{"id":24035,"href":"https:\/\/beonemedicines.ch\/fr\/wp-json\/wp\/v2\/pages\/23382\/revisions\/24035"}],"up":[{"embeddable":true,"href":"https:\/\/beonemedicines.ch\/fr\/wp-json\/wp\/v2\/pages\/7157"}],"wp:attachment":[{"href":"https:\/\/beonemedicines.ch\/fr\/wp-json\/wp\/v2\/media?parent=23382"}],"curies":[{"name":"wp","href":"https:\/\/api.w.org\/{rel}","templated":true}]}}